{"id":125,"date":"2019-12-04T13:38:39","date_gmt":"2019-12-04T12:38:39","guid":{"rendered":"http:\/\/www.ff-hohenbrugg.at\/neu\/?page_id=125"},"modified":"2019-12-06T10:58:59","modified_gmt":"2019-12-06T09:58:59","slug":"festhalle","status":"publish","type":"page","link":"https:\/\/www.ff-hohenbrugg.at\/?page_id=125","title":{"rendered":"Festhalle"},"content":{"rendered":"\n<p>Die Festhalle wurde 1983 erbaut und 2019 rundum neu renoviert. Sie bietet den Perfekten Platz f\u00fcr Feste, B\u00e4lle, Geburtstagsfeiern und auch Hochzeiten. Sie verf\u00fcgt \u00fcber einen gro\u00dfen Saal, eine BAR in einem eigenen Raum, eine K\u00fcche mit K\u00fchlraum und getrennte WC\u00b4s.<\/p>\n\n\n\n<p>Besichtigung sowie Preis f\u00fcr Miete auf Anfrage!<\/p>\n\n\n\n<div class=\"wp-block-group\"><div class=\"wp-block-group__inner-container is-layout-flow wp-block-group-is-layout-flow\">\n<figure class=\"wp-block-image size-large\"><img loading=\"lazy\" decoding=\"async\" width=\"1024\" height=\"768\" src=\"http:\/\/www.ff-hohenbrugg.at\/neu\/wp-content\/uploads\/2019\/12\/IMG_2215_Home-1024x768.jpg\" alt=\"\" class=\"wp-image-127\" srcset=\"https:\/\/www.ff-hohenbrugg.at\/wp-content\/uploads\/2019\/12\/IMG_2215_Home-1024x768.jpg 1024w, https:\/\/www.ff-hohenbrugg.at\/wp-content\/uploads\/2019\/12\/IMG_2215_Home-600x450.jpg 600w, https:\/\/www.ff-hohenbrugg.at\/wp-content\/uploads\/2019\/12\/IMG_2215_Home-300x225.jpg 300w, https:\/\/www.ff-hohenbrugg.at\/wp-content\/uploads\/2019\/12\/IMG_2215_Home-768x576.jpg 768w, https:\/\/www.ff-hohenbrugg.at\/wp-content\/uploads\/2019\/12\/IMG_2215_Home-1536x1152.jpg 1536w, https:\/\/www.ff-hohenbrugg.at\/wp-content\/uploads\/2019\/12\/IMG_2215_Home.jpg 1632w\" sizes=\"auto, (max-width: 1024px) 100vw, 1024px\" \/><\/figure>\n\n\n\n<figure class=\"wp-block-gallery columns-2 is-cropped wp-block-gallery-1 is-layout-flex wp-block-gallery-is-layout-flex\"><ul class=\"blocks-gallery-grid\"><li class=\"blocks-gallery-item\"><figure><img loading=\"lazy\" decoding=\"async\" width=\"1024\" height=\"768\" src=\"http:\/\/www.ff-hohenbrugg.at\/neu\/wp-content\/uploads\/2019\/12\/IMG_2211_Home-1024x768.jpg\" alt=\"\" data-id=\"128\" data-full-url=\"http:\/\/www.ff-hohenbrugg.at\/neu\/wp-content\/uploads\/2019\/12\/IMG_2211_Home.jpg\" data-link=\"http:\/\/www.ff-hohenbrugg.at\/neu\/?attachment_id=128\" class=\"wp-image-128\" srcset=\"https:\/\/www.ff-hohenbrugg.at\/wp-content\/uploads\/2019\/12\/IMG_2211_Home-1024x768.jpg 1024w, https:\/\/www.ff-hohenbrugg.at\/wp-content\/uploads\/2019\/12\/IMG_2211_Home-600x450.jpg 600w, https:\/\/www.ff-hohenbrugg.at\/wp-content\/uploads\/2019\/12\/IMG_2211_Home-300x225.jpg 300w, https:\/\/www.ff-hohenbrugg.at\/wp-content\/uploads\/2019\/12\/IMG_2211_Home-768x576.jpg 768w, https:\/\/www.ff-hohenbrugg.at\/wp-content\/uploads\/2019\/12\/IMG_2211_Home-1536x1152.jpg 1536w, https:\/\/www.ff-hohenbrugg.at\/wp-content\/uploads\/2019\/12\/IMG_2211_Home.jpg 1632w\" sizes=\"auto, (max-width: 1024px) 100vw, 1024px\" \/><\/figure><\/li><li class=\"blocks-gallery-item\"><figure><img loading=\"lazy\" decoding=\"async\" width=\"1024\" height=\"768\" src=\"http:\/\/www.ff-hohenbrugg.at\/neu\/wp-content\/uploads\/2019\/12\/IMG_2213_Home-1024x768.jpg\" alt=\"\" data-id=\"129\" data-full-url=\"http:\/\/www.ff-hohenbrugg.at\/neu\/wp-content\/uploads\/2019\/12\/IMG_2213_Home.jpg\" data-link=\"http:\/\/www.ff-hohenbrugg.at\/neu\/?attachment_id=129\" class=\"wp-image-129\" srcset=\"https:\/\/www.ff-hohenbrugg.at\/wp-content\/uploads\/2019\/12\/IMG_2213_Home-1024x768.jpg 1024w, https:\/\/www.ff-hohenbrugg.at\/wp-content\/uploads\/2019\/12\/IMG_2213_Home-600x450.jpg 600w, https:\/\/www.ff-hohenbrugg.at\/wp-content\/uploads\/2019\/12\/IMG_2213_Home-300x225.jpg 300w, https:\/\/www.ff-hohenbrugg.at\/wp-content\/uploads\/2019\/12\/IMG_2213_Home-768x576.jpg 768w, https:\/\/www.ff-hohenbrugg.at\/wp-content\/uploads\/2019\/12\/IMG_2213_Home-1536x1152.jpg 1536w, https:\/\/www.ff-hohenbrugg.at\/wp-content\/uploads\/2019\/12\/IMG_2213_Home.jpg 1632w\" sizes=\"auto, (max-width: 1024px) 100vw, 1024px\" \/><\/figure><\/li><li class=\"blocks-gallery-item\"><figure><img loading=\"lazy\" decoding=\"async\" width=\"1024\" height=\"683\" src=\"http:\/\/www.ff-hohenbrugg.at\/neu\/wp-content\/uploads\/2019\/12\/IMG_0603-1024x683.jpg\" alt=\"\" data-id=\"339\" data-full-url=\"http:\/\/www.ff-hohenbrugg.at\/neu\/wp-content\/uploads\/2019\/12\/IMG_0603-scaled.jpg\" data-link=\"http:\/\/www.ff-hohenbrugg.at\/neu\/?attachment_id=339\" class=\"wp-image-339\" srcset=\"https:\/\/www.ff-hohenbrugg.at\/wp-content\/uploads\/2019\/12\/IMG_0603-1024x683.jpg 1024w, https:\/\/www.ff-hohenbrugg.at\/wp-content\/uploads\/2019\/12\/IMG_0603-300x200.jpg 300w, https:\/\/www.ff-hohenbrugg.at\/wp-content\/uploads\/2019\/12\/IMG_0603-768x512.jpg 768w, https:\/\/www.ff-hohenbrugg.at\/wp-content\/uploads\/2019\/12\/IMG_0603-1536x1024.jpg 1536w, https:\/\/www.ff-hohenbrugg.at\/wp-content\/uploads\/2019\/12\/IMG_0603-2048x1365.jpg 2048w\" sizes=\"auto, (max-width: 1024px) 100vw, 1024px\" \/><\/figure><\/li><li class=\"blocks-gallery-item\"><figure><img loading=\"lazy\" decoding=\"async\" width=\"1024\" height=\"683\" src=\"http:\/\/www.ff-hohenbrugg.at\/neu\/wp-content\/uploads\/2019\/12\/IMG_0602.jpg-1024x683.jpg\" alt=\"\" data-id=\"338\" data-full-url=\"http:\/\/www.ff-hohenbrugg.at\/neu\/wp-content\/uploads\/2019\/12\/IMG_0602.jpg-scaled.jpg\" data-link=\"http:\/\/www.ff-hohenbrugg.at\/neu\/?attachment_id=338\" class=\"wp-image-338\" srcset=\"https:\/\/www.ff-hohenbrugg.at\/wp-content\/uploads\/2019\/12\/IMG_0602.jpg-1024x683.jpg 1024w, https:\/\/www.ff-hohenbrugg.at\/wp-content\/uploads\/2019\/12\/IMG_0602.jpg-300x200.jpg 300w, https:\/\/www.ff-hohenbrugg.at\/wp-content\/uploads\/2019\/12\/IMG_0602.jpg-768x512.jpg 768w, https:\/\/www.ff-hohenbrugg.at\/wp-content\/uploads\/2019\/12\/IMG_0602.jpg-1536x1024.jpg 1536w, https:\/\/www.ff-hohenbrugg.at\/wp-content\/uploads\/2019\/12\/IMG_0602.jpg-2048x1365.jpg 2048w\" sizes=\"auto, (max-width: 1024px) 100vw, 1024px\" \/><\/figure><\/li><\/ul><\/figure>\n<\/div><\/div>\n","protected":false},"excerpt":{"rendered":"<p>Die Festhalle wurde 1983 erbaut und 2019 rundum neu renoviert. Sie bietet den Perfekten Platz f\u00fcr Feste, B\u00e4lle, Geburtstagsfeiern und auch Hochzeiten. Sie verf\u00fcgt \u00fcber einen gro\u00dfen Saal, eine BAR in einem eigenen Raum, eine K\u00fcche mit K\u00fchlraum und getrennte WC\u00b4s. Besichtigung sowie Preis f\u00fcr <span class=\"more-text\">&hellip;<\/span><\/p>\n","protected":false},"author":1,"featured_media":0,"parent":289,"menu_order":3,"comment_status":"closed","ping_status":"closed","template":"","meta":{"footnotes":""},"class_list":["post-125","page","type-page","status-publish","hentry"],"_links":{"self":[{"href":"https:\/\/www.ff-hohenbrugg.at\/index.php?rest_route=\/wp\/v2\/pages\/125","targetHints":{"allow":["GET"]}}],"collection":[{"href":"https:\/\/www.ff-hohenbrugg.at\/index.php?rest_route=\/wp\/v2\/pages"}],"about":[{"href":"https:\/\/www.ff-hohenbrugg.at\/index.php?rest_route=\/wp\/v2\/types\/page"}],"author":[{"embeddable":true,"href":"https:\/\/www.ff-hohenbrugg.at\/index.php?rest_route=\/wp\/v2\/users\/1"}],"replies":[{"embeddable":true,"href":"https:\/\/www.ff-hohenbrugg.at\/index.php?rest_route=%2Fwp%2Fv2%2Fcomments&post=125"}],"version-history":[{"count":5,"href":"https:\/\/www.ff-hohenbrugg.at\/index.php?rest_route=\/wp\/v2\/pages\/125\/revisions"}],"predecessor-version":[{"id":357,"href":"https:\/\/www.ff-hohenbrugg.at\/index.php?rest_route=\/wp\/v2\/pages\/125\/revisions\/357"}],"up":[{"embeddable":true,"href":"https:\/\/www.ff-hohenbrugg.at\/index.php?rest_route=\/wp\/v2\/pages\/289"}],"wp:attachment":[{"href":"https:\/\/www.ff-hohenbrugg.at\/index.php?rest_route=%2Fwp%2Fv2%2Fmedia&parent=125"}],"curies":[{"name":"wp","href":"https:\/\/api.w.org\/{rel}","templated":true}]}}