{"id":207,"date":"2019-12-05T10:30:41","date_gmt":"2019-12-05T09:30:41","guid":{"rendered":"http:\/\/www.ff-hohenbrugg.at\/neu\/?page_id=207"},"modified":"2022-06-07T16:11:17","modified_gmt":"2022-06-07T14:11:17","slug":"chargen","status":"publish","type":"page","link":"https:\/\/www.ff-hohenbrugg.at\/?page_id=207","title":{"rendered":"Chargen"},"content":{"rendered":"\n<div class=\"wp-block-columns is-layout-flex wp-container-core-columns-is-layout-9d6595d7 wp-block-columns-is-layout-flex\">\n<div class=\"wp-block-column is-layout-flow wp-block-column-is-layout-flow\">\n<figure class=\"wp-block-image size-large\"><img loading=\"lazy\" decoding=\"async\" width=\"336\" height=\"420\" src=\"http:\/\/www.ff-hohenbrugg.at\/neu\/wp-content\/uploads\/2019\/12\/Gerhard-L..jpg\" alt=\"\" class=\"wp-image-209\" srcset=\"https:\/\/www.ff-hohenbrugg.at\/wp-content\/uploads\/2019\/12\/Gerhard-L..jpg 336w, https:\/\/www.ff-hohenbrugg.at\/wp-content\/uploads\/2019\/12\/Gerhard-L.-240x300.jpg 240w\" sizes=\"auto, (max-width: 336px) 100vw, 336px\" \/><figcaption> HBM d.V. Leitgeb Gerhard <\/figcaption><\/figure>\n\n\n\n<p class=\"has-text-align-center\"> Kassier<\/p>\n<\/div>\n\n\n\n<div class=\"wp-block-column is-layout-flow wp-block-column-is-layout-flow\">\n<figure class=\"wp-block-image size-large\"><img loading=\"lazy\" decoding=\"async\" width=\"336\" height=\"420\" src=\"http:\/\/www.ff-hohenbrugg.at\/neu\/wp-content\/uploads\/2019\/12\/Werner-L..jpg\" alt=\"\" class=\"wp-image-218\" srcset=\"https:\/\/www.ff-hohenbrugg.at\/wp-content\/uploads\/2019\/12\/Werner-L..jpg 336w, https:\/\/www.ff-hohenbrugg.at\/wp-content\/uploads\/2019\/12\/Werner-L.-240x300.jpg 240w\" sizes=\"auto, (max-width: 336px) 100vw, 336px\" \/><figcaption> OBI a.D. Lebitsch Werner <\/figcaption><\/figure>\n\n\n\n<p class=\"has-text-align-center\"> Schriftf\u00fchrer <\/p>\n<\/div>\n\n\n\n<div class=\"wp-block-column is-layout-flow wp-block-column-is-layout-flow\">\n<figure class=\"wp-block-image size-large\"><img loading=\"lazy\" decoding=\"async\" width=\"336\" height=\"420\" src=\"http:\/\/www.ff-hohenbrugg.at\/neu\/wp-content\/uploads\/2019\/12\/Karina-N..jpg\" alt=\"\" class=\"wp-image-210\" srcset=\"https:\/\/www.ff-hohenbrugg.at\/wp-content\/uploads\/2019\/12\/Karina-N..jpg 336w, https:\/\/www.ff-hohenbrugg.at\/wp-content\/uploads\/2019\/12\/Karina-N.-240x300.jpg 240w\" sizes=\"auto, (max-width: 336px) 100vw, 336px\" \/><figcaption>LM d.V. Neumann Karina<\/figcaption><\/figure>\n\n\n\n<p class=\"has-text-align-center\"> Schriftf\u00fchrer Stv.<\/p>\n<\/div>\n<\/div>\n\n\n\n<div class=\"wp-block-columns is-layout-flex wp-container-core-columns-is-layout-9d6595d7 wp-block-columns-is-layout-flex\">\n<div class=\"wp-block-column is-layout-flow wp-block-column-is-layout-flow\">\n<figure class=\"wp-block-image size-large\"><img loading=\"lazy\" decoding=\"async\" width=\"336\" height=\"420\" src=\"http:\/\/www.ff-hohenbrugg.at\/neu\/wp-content\/uploads\/2019\/12\/Martin-1.png\" alt=\"\" class=\"wp-image-365\" srcset=\"https:\/\/www.ff-hohenbrugg.at\/wp-content\/uploads\/2019\/12\/Martin-1.png 336w, https:\/\/www.ff-hohenbrugg.at\/wp-content\/uploads\/2019\/12\/Martin-1-240x300.png 240w\" sizes=\"auto, (max-width: 336px) 100vw, 336px\" \/><figcaption>HBM Wagner Martin<\/figcaption><\/figure>\n\n\n\n<p class=\"has-text-align-center\">Zugskommandant und MRAS<\/p>\n<\/div>\n\n\n\n<div class=\"wp-block-column is-layout-flow wp-block-column-is-layout-flow\">\n<figure class=\"wp-block-image size-large\"><img loading=\"lazy\" decoding=\"async\" width=\"336\" height=\"420\" src=\"http:\/\/www.ff-hohenbrugg.at\/neu\/wp-content\/uploads\/2019\/12\/Kathrin-H..jpg\" alt=\"\" class=\"wp-image-211\" srcset=\"https:\/\/www.ff-hohenbrugg.at\/wp-content\/uploads\/2019\/12\/Kathrin-H..jpg 336w, https:\/\/www.ff-hohenbrugg.at\/wp-content\/uploads\/2019\/12\/Kathrin-H.-240x300.jpg 240w\" sizes=\"auto, (max-width: 336px) 100vw, 336px\" \/><figcaption>OLM d.V. Heschl-Neubauer Kathrin<\/figcaption><\/figure>\n\n\n\n<p class=\"has-text-align-center\">Presse und Medien<\/p>\n<\/div>\n\n\n\n<div class=\"wp-block-column is-layout-flow wp-block-column-is-layout-flow\">\n<figure class=\"wp-block-image size-large\"><img loading=\"lazy\" decoding=\"async\" width=\"336\" height=\"420\" src=\"http:\/\/www.ff-hohenbrugg.at\/neu\/wp-content\/uploads\/2019\/12\/Markus-E..jpg\" alt=\"\" class=\"wp-image-214\" srcset=\"https:\/\/www.ff-hohenbrugg.at\/wp-content\/uploads\/2019\/12\/Markus-E..jpg 336w, https:\/\/www.ff-hohenbrugg.at\/wp-content\/uploads\/2019\/12\/Markus-E.-240x300.jpg 240w\" sizes=\"auto, (max-width: 336px) 100vw, 336px\" \/><figcaption>OLM d.F. Englisch Markus<\/figcaption><\/figure>\n\n\n\n<p class=\"has-text-align-center\">Atemschutzwart<\/p>\n<\/div>\n<\/div>\n\n\n\n<div class=\"wp-block-columns is-layout-flex wp-container-core-columns-is-layout-9d6595d7 wp-block-columns-is-layout-flex\">\n<div class=\"wp-block-column is-layout-flow wp-block-column-is-layout-flow\">\n<figure class=\"wp-block-image size-large\"><img loading=\"lazy\" decoding=\"async\" width=\"336\" height=\"420\" src=\"http:\/\/www.ff-hohenbrugg.at\/neu\/wp-content\/uploads\/2019\/12\/Kein-Bild.jpg\" alt=\"\" class=\"wp-image-363\" srcset=\"https:\/\/www.ff-hohenbrugg.at\/wp-content\/uploads\/2019\/12\/Kein-Bild.jpg 336w, https:\/\/www.ff-hohenbrugg.at\/wp-content\/uploads\/2019\/12\/Kein-Bild-240x300.jpg 240w\" sizes=\"auto, (max-width: 336px) 100vw, 336px\" \/><figcaption>LM d.F. Wagner Alexander<\/figcaption><\/figure>\n\n\n\n<p class=\"has-text-align-center\">Funk<\/p>\n<\/div>\n\n\n\n<div class=\"wp-block-column is-layout-flow wp-block-column-is-layout-flow\">\n<figure class=\"wp-block-image size-large\"><img loading=\"lazy\" decoding=\"async\" width=\"336\" height=\"420\" src=\"http:\/\/www.ff-hohenbrugg.at\/neu\/wp-content\/uploads\/2019\/12\/Louis-1.png\" alt=\"\" class=\"wp-image-366\" srcset=\"https:\/\/www.ff-hohenbrugg.at\/wp-content\/uploads\/2019\/12\/Louis-1.png 336w, https:\/\/www.ff-hohenbrugg.at\/wp-content\/uploads\/2019\/12\/Louis-1-240x300.png 240w\" sizes=\"auto, (max-width: 336px) 100vw, 336px\" \/><figcaption>HLM d.S. Bauer Alois<\/figcaption><\/figure>\n\n\n\n<p class=\"has-text-align-center\">Sanit\u00e4t<\/p>\n<\/div>\n\n\n\n<div class=\"wp-block-column is-layout-flow wp-block-column-is-layout-flow\">\n<figure class=\"wp-block-image size-large\"><img loading=\"lazy\" decoding=\"async\" width=\"336\" height=\"420\" src=\"http:\/\/www.ff-hohenbrugg.at\/neu\/wp-content\/uploads\/2019\/12\/Regina-G..jpg\" alt=\"\" class=\"wp-image-220\" srcset=\"https:\/\/www.ff-hohenbrugg.at\/wp-content\/uploads\/2019\/12\/Regina-G..jpg 336w, https:\/\/www.ff-hohenbrugg.at\/wp-content\/uploads\/2019\/12\/Regina-G.-240x300.jpg 240w\" sizes=\"auto, (max-width: 336px) 100vw, 336px\" \/><figcaption>LM d.S. Gordisch Regina<\/figcaption><\/figure>\n\n\n\n<p class=\"has-text-align-center\">Sanit\u00e4t Stv. und Jugendwart<\/p>\n<\/div>\n<\/div>\n\n\n\n<div class=\"wp-block-columns is-layout-flex wp-container-core-columns-is-layout-9d6595d7 wp-block-columns-is-layout-flex\">\n<div class=\"wp-block-column is-layout-flow wp-block-column-is-layout-flow\">\n<figure class=\"wp-block-image size-large\"><img loading=\"lazy\" decoding=\"async\" width=\"336\" height=\"420\" src=\"http:\/\/www.ff-hohenbrugg.at\/neu\/wp-content\/uploads\/2019\/12\/Kerstin-K..jpg\" alt=\"\" class=\"wp-image-212\" srcset=\"https:\/\/www.ff-hohenbrugg.at\/wp-content\/uploads\/2019\/12\/Kerstin-K..jpg 336w, https:\/\/www.ff-hohenbrugg.at\/wp-content\/uploads\/2019\/12\/Kerstin-K.-240x300.jpg 240w\" sizes=\"auto, (max-width: 336px) 100vw, 336px\" \/><figcaption>LM d.F. Kink Kerstin<\/figcaption><\/figure>\n\n\n\n<p class=\"has-text-align-center\">Jugendwart Stv.<\/p>\n<\/div>\n\n\n\n<div class=\"wp-block-column is-layout-flow wp-block-column-is-layout-flow\">\n<figure class=\"wp-block-image size-large\"><img loading=\"lazy\" decoding=\"async\" width=\"336\" height=\"420\" src=\"http:\/\/www.ff-hohenbrugg.at\/neu\/wp-content\/uploads\/2019\/12\/Markus-P..jpg\" alt=\"\" class=\"wp-image-215\" srcset=\"https:\/\/www.ff-hohenbrugg.at\/wp-content\/uploads\/2019\/12\/Markus-P..jpg 336w, https:\/\/www.ff-hohenbrugg.at\/wp-content\/uploads\/2019\/12\/Markus-P.-240x300.jpg 240w\" sizes=\"auto, (max-width: 336px) 100vw, 336px\" \/><figcaption>HLM d.F. Pollreich Markus<\/figcaption><\/figure>\n\n\n\n<p class=\"has-text-align-center\">Ger\u00e4tewart I<\/p>\n<\/div>\n\n\n\n<div class=\"wp-block-column is-layout-flow wp-block-column-is-layout-flow\">\n<figure class=\"wp-block-image size-large\"><img loading=\"lazy\" decoding=\"async\" width=\"336\" height=\"420\" src=\"http:\/\/www.ff-hohenbrugg.at\/neu\/wp-content\/uploads\/2019\/12\/Rainer-T..jpg\" alt=\"\" class=\"wp-image-217\" srcset=\"https:\/\/www.ff-hohenbrugg.at\/wp-content\/uploads\/2019\/12\/Rainer-T..jpg 336w, https:\/\/www.ff-hohenbrugg.at\/wp-content\/uploads\/2019\/12\/Rainer-T.-240x300.jpg 240w\" sizes=\"auto, (max-width: 336px) 100vw, 336px\" \/><figcaption>HLM d.F. Techt Rainer<\/figcaption><\/figure>\n\n\n\n<p class=\"has-text-align-center\">Ger\u00e4tewart II<\/p>\n<\/div>\n<\/div>\n\n\n\n<div class=\"wp-block-columns is-layout-flex wp-container-core-columns-is-layout-9d6595d7 wp-block-columns-is-layout-flex\">\n<div class=\"wp-block-column is-layout-flow wp-block-column-is-layout-flow\">\n<figure class=\"wp-block-image size-large\"><img loading=\"lazy\" decoding=\"async\" width=\"336\" height=\"420\" src=\"http:\/\/www.ff-hohenbrugg.at\/neu\/wp-content\/uploads\/2019\/12\/Florian-E..jpg\" alt=\"\" class=\"wp-image-219\" srcset=\"https:\/\/www.ff-hohenbrugg.at\/wp-content\/uploads\/2019\/12\/Florian-E..jpg 336w, https:\/\/www.ff-hohenbrugg.at\/wp-content\/uploads\/2019\/12\/Florian-E.-240x300.jpg 240w\" sizes=\"auto, (max-width: 336px) 100vw, 336px\" \/><figcaption>LM d.F. Englisch Florian<\/figcaption><\/figure>\n\n\n\n<p class=\"has-text-align-center\">Ger\u00e4tewart III<\/p>\n<\/div>\n\n\n\n<div class=\"wp-block-column is-layout-flow wp-block-column-is-layout-flow\">\n<figure class=\"wp-block-image size-large\"><img loading=\"lazy\" decoding=\"async\" width=\"336\" height=\"420\" src=\"http:\/\/www.ff-hohenbrugg.at\/neu\/wp-content\/uploads\/2019\/12\/Kein-Bild.jpg\" alt=\"\" class=\"wp-image-363\" srcset=\"https:\/\/www.ff-hohenbrugg.at\/wp-content\/uploads\/2019\/12\/Kein-Bild.jpg 336w, https:\/\/www.ff-hohenbrugg.at\/wp-content\/uploads\/2019\/12\/Kein-Bild-240x300.jpg 240w\" sizes=\"auto, (max-width: 336px) 100vw, 336px\" \/><figcaption>OFM Paar Thomas<\/figcaption><\/figure>\n\n\n\n<p class=\"has-text-align-center\">Ger\u00e4tewart IV<\/p>\n<\/div>\n\n\n\n<div class=\"wp-block-column is-layout-flow wp-block-column-is-layout-flow\"><\/div>\n<\/div>\n\n\n\n<p><\/p>\n","protected":false},"excerpt":{"rendered":"<p>Kassier Schriftf\u00fchrer Schriftf\u00fchrer Stv. Zugskommandant und MRAS Presse und Medien Atemschutzwart Funk Sanit\u00e4t Sanit\u00e4t Stv. und Jugendwart Jugendwart Stv. Ger\u00e4tewart I Ger\u00e4tewart II Ger\u00e4tewart III Ger\u00e4tewart IV<\/p>\n","protected":false},"author":1,"featured_media":0,"parent":116,"menu_order":2,"comment_status":"closed","ping_status":"closed","template":"","meta":{"footnotes":""},"class_list":["post-207","page","type-page","status-publish","hentry"],"_links":{"self":[{"href":"https:\/\/www.ff-hohenbrugg.at\/index.php?rest_route=\/wp\/v2\/pages\/207","targetHints":{"allow":["GET"]}}],"collection":[{"href":"https:\/\/www.ff-hohenbrugg.at\/index.php?rest_route=\/wp\/v2\/pages"}],"about":[{"href":"https:\/\/www.ff-hohenbrugg.at\/index.php?rest_route=\/wp\/v2\/types\/page"}],"author":[{"embeddable":true,"href":"https:\/\/www.ff-hohenbrugg.at\/index.php?rest_route=\/wp\/v2\/users\/1"}],"replies":[{"embeddable":true,"href":"https:\/\/www.ff-hohenbrugg.at\/index.php?rest_route=%2Fwp%2Fv2%2Fcomments&post=207"}],"version-history":[{"count":9,"href":"https:\/\/www.ff-hohenbrugg.at\/index.php?rest_route=\/wp\/v2\/pages\/207\/revisions"}],"predecessor-version":[{"id":779,"href":"https:\/\/www.ff-hohenbrugg.at\/index.php?rest_route=\/wp\/v2\/pages\/207\/revisions\/779"}],"up":[{"embeddable":true,"href":"https:\/\/www.ff-hohenbrugg.at\/index.php?rest_route=\/wp\/v2\/pages\/116"}],"wp:attachment":[{"href":"https:\/\/www.ff-hohenbrugg.at\/index.php?rest_route=%2Fwp%2Fv2%2Fmedia&parent=207"}],"curies":[{"name":"wp","href":"https:\/\/api.w.org\/{rel}","templated":true}]}}