{"id":245,"date":"2019-12-05T12:57:44","date_gmt":"2019-12-05T11:57:44","guid":{"rendered":"http:\/\/www.ff-hohenbrugg.at\/neu\/?page_id=245"},"modified":"2019-12-29T19:53:30","modified_gmt":"2019-12-29T18:53:30","slug":"ruesthaus","status":"publish","type":"page","link":"https:\/\/www.ff-hohenbrugg.at\/?page_id=245","title":{"rendered":"R\u00fcsthaus"},"content":{"rendered":"\n<p>Unser Feuerwehrhaus (R\u00fcsthaus) wurde 2002 eingeweiht. Es war ein gemeinsames Projekt mit der Gemeinde und schlie\u00dft direkt am Gemeindezentrum an.  Auf 291 m\u00b2 befinden sich unter anderem ein Kommandoraum mit EDV-Arbeitsplatz, zwei Garagen und die Umkleider\u00e4ume samt Duschen f\u00fcr M\u00e4nner und Frauen. Ein 150 m2 gro\u00dfer Saal kann durch Faltelemente in drei Teile getrennt werden, wobei ein Teil der Feuerwehr als Schulungs- und Sitzungssaal dient.<\/p>\n\n\n\n<figure class=\"wp-block-gallery columns-2 is-cropped wp-block-gallery-1 is-layout-flex wp-block-gallery-is-layout-flex\"><ul class=\"blocks-gallery-grid\"><li class=\"blocks-gallery-item\"><figure><img loading=\"lazy\" decoding=\"async\" width=\"511\" height=\"266\" src=\"http:\/\/www.ff-hohenbrugg.at\/wp-content\/uploads\/2019\/12\/Feuerwehrhaus.png\" alt=\"\" data-id=\"353\" data-full-url=\"http:\/\/www.ff-hohenbrugg.at\/wp-content\/uploads\/2019\/12\/Feuerwehrhaus.png\" data-link=\"http:\/\/www.ff-hohenbrugg.at\/?attachment_id=353\" class=\"wp-image-353\" srcset=\"https:\/\/www.ff-hohenbrugg.at\/wp-content\/uploads\/2019\/12\/Feuerwehrhaus.png 511w, https:\/\/www.ff-hohenbrugg.at\/wp-content\/uploads\/2019\/12\/Feuerwehrhaus-300x156.png 300w\" sizes=\"auto, (max-width: 511px) 100vw, 511px\" \/><\/figure><\/li><li class=\"blocks-gallery-item\"><figure><img loading=\"lazy\" decoding=\"async\" width=\"1024\" height=\"768\" src=\"http:\/\/www.ff-hohenbrugg.at\/wp-content\/uploads\/2019\/12\/IMG_2203-Home-1-1024x768.jpg\" alt=\"\" data-id=\"354\" data-full-url=\"http:\/\/www.ff-hohenbrugg.at\/wp-content\/uploads\/2019\/12\/IMG_2203-Home-1.jpg\" data-link=\"http:\/\/www.ff-hohenbrugg.at\/?attachment_id=354\" class=\"wp-image-354\" srcset=\"https:\/\/www.ff-hohenbrugg.at\/wp-content\/uploads\/2019\/12\/IMG_2203-Home-1-1024x768.jpg 1024w, https:\/\/www.ff-hohenbrugg.at\/wp-content\/uploads\/2019\/12\/IMG_2203-Home-1-300x225.jpg 300w, https:\/\/www.ff-hohenbrugg.at\/wp-content\/uploads\/2019\/12\/IMG_2203-Home-1-768x576.jpg 768w, https:\/\/www.ff-hohenbrugg.at\/wp-content\/uploads\/2019\/12\/IMG_2203-Home-1-1536x1152.jpg 1536w, https:\/\/www.ff-hohenbrugg.at\/wp-content\/uploads\/2019\/12\/IMG_2203-Home-1.jpg 2000w\" sizes=\"auto, (max-width: 1024px) 100vw, 1024px\" \/><\/figure><\/li><\/ul><\/figure>\n\n\n\n<p><\/p>\n","protected":false},"excerpt":{"rendered":"<p>Unser Feuerwehrhaus (R\u00fcsthaus) wurde 2002 eingeweiht. Es war ein gemeinsames Projekt mit der Gemeinde und schlie\u00dft direkt am Gemeindezentrum an. Auf 291 m\u00b2 befinden sich unter anderem ein Kommandoraum mit EDV-Arbeitsplatz, zwei Garagen und die Umkleider\u00e4ume samt Duschen f\u00fcr M\u00e4nner und Frauen. Ein 150 m2 <span class=\"more-text\">&hellip;<\/span><\/p>\n","protected":false},"author":1,"featured_media":0,"parent":289,"menu_order":2,"comment_status":"closed","ping_status":"closed","template":"","meta":{"footnotes":""},"class_list":["post-245","page","type-page","status-publish","hentry"],"_links":{"self":[{"href":"https:\/\/www.ff-hohenbrugg.at\/index.php?rest_route=\/wp\/v2\/pages\/245","targetHints":{"allow":["GET"]}}],"collection":[{"href":"https:\/\/www.ff-hohenbrugg.at\/index.php?rest_route=\/wp\/v2\/pages"}],"about":[{"href":"https:\/\/www.ff-hohenbrugg.at\/index.php?rest_route=\/wp\/v2\/types\/page"}],"author":[{"embeddable":true,"href":"https:\/\/www.ff-hohenbrugg.at\/index.php?rest_route=\/wp\/v2\/users\/1"}],"replies":[{"embeddable":true,"href":"https:\/\/www.ff-hohenbrugg.at\/index.php?rest_route=%2Fwp%2Fv2%2Fcomments&post=245"}],"version-history":[{"count":4,"href":"https:\/\/www.ff-hohenbrugg.at\/index.php?rest_route=\/wp\/v2\/pages\/245\/revisions"}],"predecessor-version":[{"id":523,"href":"https:\/\/www.ff-hohenbrugg.at\/index.php?rest_route=\/wp\/v2\/pages\/245\/revisions\/523"}],"up":[{"embeddable":true,"href":"https:\/\/www.ff-hohenbrugg.at\/index.php?rest_route=\/wp\/v2\/pages\/289"}],"wp:attachment":[{"href":"https:\/\/www.ff-hohenbrugg.at\/index.php?rest_route=%2Fwp%2Fv2%2Fmedia&parent=245"}],"curies":[{"name":"wp","href":"https:\/\/api.w.org\/{rel}","templated":true}]}}