{"id":248,"date":"2019-12-05T13:03:27","date_gmt":"2019-12-05T12:03:27","guid":{"rendered":"http:\/\/www.ff-hohenbrugg.at\/neu\/?page_id=248"},"modified":"2020-01-05T10:29:59","modified_gmt":"2020-01-05T09:29:59","slug":"chronik","status":"publish","type":"page","link":"https:\/\/www.ff-hohenbrugg.at\/?page_id=248","title":{"rendered":"Chronik"},"content":{"rendered":"\n<h1 class=\"wp-block-heading\">Feuerwehr-Chronik 100 Jahre<\/h1>\n\n\n\n<p><strong>1906: Gr\u00fcndung des Feuerwehrvereines Hohenbrugg<\/strong> <br>Am 18. Februar 1906 wurde bei der konstituierenden Sitzungunter dem Vorsitz des Gemeindevorstehers PeterPolt die Freiwillige Feuerwehr Hohenbrugg, damals nochals Feuerwehrverein gegr\u00fcndet. Die Gr\u00fcndungsmitglieder\u00a0waren Michael Polt, Josef Krenn, Johann Kleinschusterund Josef Siegl. Zum Wehrhauptmann wurde Josef Krenn<br>gew\u00e4hlt. Als Ausr\u00fcstung stand ein Pferdespannwagen mit<br>einer alten Handpumpe zur Verf\u00fcgung.<\/p>\n\n\n\n<p><strong>1907: Die Feuerwehr bekommt eine Fahrsaugspritze<\/strong>\u00a0 <br>Am 9. Juni 1907 wurde die Fahrsaugspritze nach einem<br>Festgottesdienst in der Schlosskapelle geweiht. Am Nachmittag<br>wurde der erste Bezirksfeuerwehrtag in Hohenbrugg<br>abgehalten.\u00a0<\/p>\n\n\n\n<figure class=\"wp-block-image size-large\"><img loading=\"lazy\" decoding=\"async\" width=\"951\" height=\"446\" src=\"http:\/\/www.ff-hohenbrugg.at\/wp-content\/uploads\/2020\/01\/1906.png\" alt=\"\" class=\"wp-image-530\" srcset=\"https:\/\/www.ff-hohenbrugg.at\/wp-content\/uploads\/2020\/01\/1906.png 951w, https:\/\/www.ff-hohenbrugg.at\/wp-content\/uploads\/2020\/01\/1906-300x141.png 300w, https:\/\/www.ff-hohenbrugg.at\/wp-content\/uploads\/2020\/01\/1906-768x360.png 768w\" sizes=\"auto, (max-width: 951px) 100vw, 951px\" \/><\/figure>\n\n\n\n<p><strong>1931: 25-j\u00e4hriges Bestehen der FF Hohenbrugg<\/strong> <br>Am 14. Juni 1931 wurde das 25-j\u00e4hrige Gr\u00fcndungsfest<br>gefeiert, wobei 23 Mitglieder die Medaille f\u00fcr 25 Jahre<br>Dienstzeit erhielten. An diesem Tage wurde auch die neue<br>Motorspritze geweiht.\u00a0<\/p>\n\n\n\n<figure class=\"wp-block-image size-large\"><img loading=\"lazy\" decoding=\"async\" width=\"595\" height=\"388\" src=\"http:\/\/www.ff-hohenbrugg.at\/wp-content\/uploads\/2020\/01\/1931.png\" alt=\"\" class=\"wp-image-531\" srcset=\"https:\/\/www.ff-hohenbrugg.at\/wp-content\/uploads\/2020\/01\/1931.png 595w, https:\/\/www.ff-hohenbrugg.at\/wp-content\/uploads\/2020\/01\/1931-300x196.png 300w\" sizes=\"auto, (max-width: 595px) 100vw, 595px\" \/><\/figure>\n\n\n\n<p><strong>1945: Die Feuerwehrausr\u00fcstung wird zerst\u00f6rt<\/strong>\u00a0 <br>W\u00e4hrend der Kampfhandlungen von 1945 wurden s\u00e4mtlicheAusr\u00fcstungsgegenst\u00e4nde zerst\u00f6rt.<\/p>\n\n\n\n<p><strong>1947: Die FF Hohenbrugg erh\u00e4lt ein Einsatzfahrzeug<\/strong><br>1947 wurden ein Einsatzfahrzeug der Marke Bedford und<br>eine Motorspritze RW80 gekauft.<\/p>\n\n\n\n<p><strong>1954\u20131955: Der Ankauf eines L\u00f6schfahrzeuges<\/strong><br>und einer Motorspritze erweitert die Ausr\u00fcstung<br>Im Jahre 1954 wurden unter dem damaligen Kommandanten<br>und jetzigen Ehrenhauptbrandinspektor Wilhelm Leitgeb<br>ein L\u00f6schfahrzeug der Marke Dodge und 1955 eine<br>Motorspritze RW25 angekauft.<\/p>\n\n\n\n<p><strong>1962: Das erste R\u00fcsthaus wird gebaut<\/strong><br>1962 kam es zum Bau des R\u00fcsthauses, das anfangs aus<br>einer Garage und einem Schlauchturm bestand.<\/p>\n\n\n\n<p><strong>1964: Der Fuhrpark wird aufgestockt<\/strong><br>1964 erfolgte die Anschaffung eines VW-Busses als Kleinl\u00f6schfahrzeug.<\/p>\n\n\n\n<p><strong>1966: Sommerfest<\/strong> <br>Seit ihrem Bestehen tr\u00e4gt die Feuerwehr<br>auch aktiv zum gesellschaftlichen Leben der Gemeinde bei.<\/p>\n\n\n\n<figure class=\"wp-block-image size-large\"><img loading=\"lazy\" decoding=\"async\" width=\"556\" height=\"388\" src=\"http:\/\/www.ff-hohenbrugg.at\/wp-content\/uploads\/2020\/01\/1966.png\" alt=\"\" class=\"wp-image-532\" srcset=\"https:\/\/www.ff-hohenbrugg.at\/wp-content\/uploads\/2020\/01\/1966.png 556w, https:\/\/www.ff-hohenbrugg.at\/wp-content\/uploads\/2020\/01\/1966-300x209.png 300w\" sizes=\"auto, (max-width: 556px) 100vw, 556px\" \/><\/figure>\n\n\n\n<p><strong>1968: Die erste Jugendgruppe wird aufgestellt<\/strong> <br>Im Herbst 1968 wurde die erste Jugendgruppe unter der<br>Leitung des Gruppenkommandanten Alois Lebitsch aufgestellt.<br>Neun Arbeitsuniformen samt Gurten, Helmen und<br>Gummistiefeln mussten angeschafft werden. Die ersten<br>Jugendlichen waren: Franz Englisch, Otto Hirsa, Anton Kowald,<br>Franz Leitgeb, Josef Maa\u00df, Franz Kleinschuster, Franz<br>Matzhold, Helmut Pollreich und Rudolf Reichmann.<\/p>\n\n\n\n<p><strong>1969: Die Jugend feiert ihre ersten Erfolge<\/strong><br>Am 10.07.1969 war der erste Jugendwettkampf in F\u00fcrstenfeld,<br>die Jugendgruppe trat an und errang die Jugendnadel.<br>Am 11.07.1969 war der Leistungsbewerb, bei dem die<br>Jugendgruppe Hohenbrugg das Feuerwehrleistungsabzeichen<br>in Bronze erringen konnte.<\/p>\n\n\n\n<p><strong>1971: Die Jugendgruppe ist bei Bewerben weiter aktiv<\/strong><br>Die Jugendgruppe unter der Leitung von Engelbert Pint<br>nahm am 16. Burgenl\u00e4ndischen Landesfeuerwehrbewerb<br>in Pinkafeld teil.&nbsp;<\/p>\n\n\n\n<figure class=\"wp-block-image size-large\"><img loading=\"lazy\" decoding=\"async\" width=\"576\" height=\"347\" src=\"http:\/\/www.ff-hohenbrugg.at\/wp-content\/uploads\/2020\/01\/1971.png\" alt=\"\" class=\"wp-image-533\" srcset=\"https:\/\/www.ff-hohenbrugg.at\/wp-content\/uploads\/2020\/01\/1971.png 576w, https:\/\/www.ff-hohenbrugg.at\/wp-content\/uploads\/2020\/01\/1971-300x181.png 300w\" sizes=\"auto, (max-width: 576px) 100vw, 576px\" \/><\/figure>\n\n\n\n<p><strong>1972: Fuhrpark und Ausr\u00fcstung werden aufgestockt<\/strong>\u00a0 <br>1972 wurden ein Ford Transit sowie eine Motorspritze\u00a0RW75 gekauft.<\/p>\n\n\n\n<p><strong>1972: Erstes Feuerwehrleistungsabzeichen in Silber<\/strong><br>Unter der Leitung von L\u00f6schmeister Engelbert Pint errang die<br>Wettkampfgruppe beim Landesfeuerwehrwettbewerb in Weiz<br>das Feuerwehrleistungsabzeichen in Silber. Der erfolgreichen<br>Gruppe geh\u00f6rten an: Engelbert Pint, August Neumeister, Willibald<br>Neubauer, Josef Maa\u00df, Josef Neubauer, Alois Teschl,<br>Franz Leitgeb, Franz Kleinschuster und Helmut Pollreich.<\/p>\n\n\n\n<figure class=\"wp-block-image size-large\"><img loading=\"lazy\" decoding=\"async\" width=\"493\" height=\"336\" src=\"http:\/\/www.ff-hohenbrugg.at\/wp-content\/uploads\/2020\/01\/1972.png\" alt=\"\" class=\"wp-image-534\" srcset=\"https:\/\/www.ff-hohenbrugg.at\/wp-content\/uploads\/2020\/01\/1972.png 493w, https:\/\/www.ff-hohenbrugg.at\/wp-content\/uploads\/2020\/01\/1972-300x204.png 300w\" sizes=\"auto, (max-width: 493px) 100vw, 493px\" \/><\/figure>\n\n\n\n<p><strong>1978\u20131981: Engelbert Pint wird Kommandant<\/strong><br>1978 wurde unser jetziger Ehrenhauptbrandinspektor<br>Engelbert Pint zum Kommandanten gew\u00e4hlt. Unter seiner<br>F\u00fchrung wurde von 1979\u20131981 das R\u00fcsthaus um eine zus\u00e4tzliche<br>Garage und einen Mannschaftsraum erweitert.<\/p>\n\n\n\n<figure class=\"wp-block-image size-large\"><img loading=\"lazy\" decoding=\"async\" width=\"695\" height=\"472\" src=\"http:\/\/www.ff-hohenbrugg.at\/wp-content\/uploads\/2020\/01\/1976.png\" alt=\"\" class=\"wp-image-535\" srcset=\"https:\/\/www.ff-hohenbrugg.at\/wp-content\/uploads\/2020\/01\/1976.png 695w, https:\/\/www.ff-hohenbrugg.at\/wp-content\/uploads\/2020\/01\/1976-300x204.png 300w\" sizes=\"auto, (max-width: 695px) 100vw, 695px\" \/><\/figure>\n\n\n\n<p><strong>1981: 75-j\u00e4hriges Bestehen der FF Hohenbrugg<\/strong><br>Am 31. Mai wurde im Rahmen eines 3-Tages-Schlossfestes<br>die 75-Jahr-Feier abgehalten.<\/p>\n\n\n\n<p><strong>1982: Einweihung des Gemeinde- und R\u00fcsthauses<\/strong><br>Vom 4.\u20136. Juni fand ein 3-Tage-Zeltfest beim Hause Obergmeinerstatt. Verbunden war dieses Fest mit der Einweihung<br>des Gemeinde- und R\u00fcsthauses, an der auch Landeshauptmann<br>Josef Krainer teilnahm. Dieser bekam von der Gemeinde<br>Hohenbrugg-Weinberg die Ehrenurkunde verliehen.<\/p>\n\n\n\n<figure class=\"wp-block-image size-large\"><img loading=\"lazy\" decoding=\"async\" width=\"449\" height=\"315\" src=\"http:\/\/www.ff-hohenbrugg.at\/wp-content\/uploads\/2020\/01\/1982a.png\" alt=\"\" class=\"wp-image-536\" srcset=\"https:\/\/www.ff-hohenbrugg.at\/wp-content\/uploads\/2020\/01\/1982a.png 449w, https:\/\/www.ff-hohenbrugg.at\/wp-content\/uploads\/2020\/01\/1982a-300x210.png 300w\" sizes=\"auto, (max-width: 449px) 100vw, 449px\" \/><\/figure>\n\n\n\n<figure class=\"wp-block-image size-large\"><img loading=\"lazy\" decoding=\"async\" width=\"450\" height=\"315\" src=\"http:\/\/www.ff-hohenbrugg.at\/wp-content\/uploads\/2020\/01\/1982b.png\" alt=\"\" class=\"wp-image-537\" srcset=\"https:\/\/www.ff-hohenbrugg.at\/wp-content\/uploads\/2020\/01\/1982b.png 450w, https:\/\/www.ff-hohenbrugg.at\/wp-content\/uploads\/2020\/01\/1982b-300x210.png 300w\" sizes=\"auto, (max-width: 450px) 100vw, 450px\" \/><\/figure>\n\n\n\n<p><strong>1983: Der Bau der Festhalle beginnt<\/strong><br>Der Bauplatz f\u00fcr die Festhalle wurde von der Gemeinde zur<br>Verf\u00fcgung gestellt. Ab Mai begannen die Bauarbeiten im<br>vollen Umfang unter Baumeister Gaich. Mit Jahresende war<br>die Festhalle bis auf kleinere Arbeiten fertig gestellt.<\/p>\n\n\n\n<figure class=\"wp-block-image size-large\"><img loading=\"lazy\" decoding=\"async\" width=\"436\" height=\"296\" src=\"http:\/\/www.ff-hohenbrugg.at\/wp-content\/uploads\/2020\/01\/1983.png\" alt=\"\" class=\"wp-image-538\" srcset=\"https:\/\/www.ff-hohenbrugg.at\/wp-content\/uploads\/2020\/01\/1983.png 436w, https:\/\/www.ff-hohenbrugg.at\/wp-content\/uploads\/2020\/01\/1983-300x204.png 300w\" sizes=\"auto, (max-width: 436px) 100vw, 436px\" \/><\/figure>\n\n\n\n<p><strong>1984: Das erste Fest in der neuen Festhalle<\/strong><br>Am 18. und 19. Mai fand das erste Fest in der neuen Festhalle<br>statt, bei dem die Musikgruppe HAPPY f\u00fcr Stimmung sorgte.<br>Die S\u00e4nger sind heute unter \u201eBrunner &amp; Brunner\u201c bekannt.<\/p>\n\n\n\n<p><strong>1985: Erstes Feuerwehrleistungsabzeichen in Gold<\/strong><br>Am 1. Juni 1985 nahm BM Werner Lebitsch beim 9. Bewerb<br>um das Feuerwehrleistungsabzeichen in Gold teil und<br>bekam dieses bei der Abschlusskundgebung durch den<br>Landesbewerbsleiter LBD-Stv. Friedrich Franz \u00fcberreicht.<\/p>\n\n\n\n<p><strong>1985: Festakt zur Einweihung der neuen Festhalle<\/strong><br>Am 1. September fand der Festakt zur Einweihung der<br>neu erbauten Festhalle statt. Die heilige Messe wurde<br>von Stadtpfarrer Feirer zelebriert. 220 Mann, davon 107<br>aus dem Burgenland und 113 aus dem Abschnitt Fehring<br>nahmen an den Festlichkeiten teil.<\/p>\n\n\n\n<p><strong>1986: Das 80-j\u00e4hrige Bestehen wird gefeiert<\/strong><br>Am 24. und 25. Mai fand die 80-Jahr-Feier der Freiwilligen<br>Feuerwehr Hohenbrugg statt.<\/p>\n\n\n\n<figure class=\"wp-block-image size-large\"><img loading=\"lazy\" decoding=\"async\" width=\"1024\" height=\"421\" src=\"http:\/\/www.ff-hohenbrugg.at\/wp-content\/uploads\/2020\/01\/1985-1024x421.png\" alt=\"\" class=\"wp-image-539\" srcset=\"https:\/\/www.ff-hohenbrugg.at\/wp-content\/uploads\/2020\/01\/1985-1024x421.png 1024w, https:\/\/www.ff-hohenbrugg.at\/wp-content\/uploads\/2020\/01\/1985-300x123.png 300w, https:\/\/www.ff-hohenbrugg.at\/wp-content\/uploads\/2020\/01\/1985-768x316.png 768w, https:\/\/www.ff-hohenbrugg.at\/wp-content\/uploads\/2020\/01\/1985.png 1043w\" sizes=\"auto, (max-width: 1024px) 100vw, 1024px\" \/><\/figure>\n\n\n\n<p><strong>1987: Erfolg beim Landesfeuerwehrbewerb<\/strong><br>Am 26. Juni nahm die Wettkampfgruppe am Landesfeuerwehrbewerb<br>in Hartberg teil und erreichte in Silber A \u2013 348&nbsp;Punkte.<\/p>\n\n\n\n<figure class=\"wp-block-image size-large\"><img loading=\"lazy\" decoding=\"async\" width=\"540\" height=\"334\" src=\"http:\/\/www.ff-hohenbrugg.at\/wp-content\/uploads\/2020\/01\/1987.png\" alt=\"\" class=\"wp-image-540\" srcset=\"https:\/\/www.ff-hohenbrugg.at\/wp-content\/uploads\/2020\/01\/1987.png 540w, https:\/\/www.ff-hohenbrugg.at\/wp-content\/uploads\/2020\/01\/1987-300x186.png 300w\" sizes=\"auto, (max-width: 540px) 100vw, 540px\" \/><\/figure>\n\n\n\n<p><strong>1988: 1. Platz beim Jugendfu\u00dfballturnier<\/strong><br>Am 13. M\u00e4rz fand in Kirchbach ein Feuerwehrjugend-<br>Fu\u00dfballturnier statt. Die Mannschaft der Feuerwehrjugend<br>Hohenbrugg unter der Leitung von L\u00f6schmeister Gerhard<br>Leitgeb konnte unter 16 Teilnehmern den 1. Platz belegen.<br>Tormann Marcus Gordisch wurde als einziger Tormann<br>ohne Gegentreffer ausgezeichnet.<\/p>\n\n\n\n<figure class=\"wp-block-image size-large\"><img loading=\"lazy\" decoding=\"async\" width=\"988\" height=\"605\" src=\"http:\/\/www.ff-hohenbrugg.at\/wp-content\/uploads\/2020\/01\/1988.png\" alt=\"\" class=\"wp-image-541\" srcset=\"https:\/\/www.ff-hohenbrugg.at\/wp-content\/uploads\/2020\/01\/1988.png 988w, https:\/\/www.ff-hohenbrugg.at\/wp-content\/uploads\/2020\/01\/1988-300x184.png 300w, https:\/\/www.ff-hohenbrugg.at\/wp-content\/uploads\/2020\/01\/1988-768x470.png 768w\" sizes=\"auto, (max-width: 988px) 100vw, 988px\" \/><\/figure>\n\n\n\n<p><strong>1989: Bezirksfeuerwehrtag in Hohenbrugg<\/strong><br>Am Sonntag, dem 3. September wurde der 3. Bezirksfeuerwehrtag<br>in Hohenbrugg\/R. durchgef\u00fchrt. Trotz Regens<br>nahmen aus dem Bezirk Feldbach 537 Mann, aus dem<br>Burgenland 37 Mann und aus dem Bezirk F\u00fcrstenfeld 7<br>Mann am Bezirksfeuerwehrtag teil.<\/p>\n\n\n\n<p><strong>1990: Einweihung des neuen L\u00f6schfahrzeuges<\/strong><br>Am Sonntag, dem 16. September wurde von Pater Franz<br>Lebitsch das neue L\u00f6schfahrzeug (LF) eingeweiht. Insgesamt<br>nahmen 17 Feuerwehren des Abschnittes Fehring<br>und dem benachbarten Burgenland mit 204 Mann am<br>Festakt teil.<\/p>\n\n\n\n<figure class=\"wp-block-image size-large\"><img loading=\"lazy\" decoding=\"async\" width=\"455\" height=\"308\" src=\"http:\/\/www.ff-hohenbrugg.at\/wp-content\/uploads\/2020\/01\/1990.png\" alt=\"\" class=\"wp-image-542\" srcset=\"https:\/\/www.ff-hohenbrugg.at\/wp-content\/uploads\/2020\/01\/1990.png 455w, https:\/\/www.ff-hohenbrugg.at\/wp-content\/uploads\/2020\/01\/1990-300x203.png 300w\" sizes=\"auto, (max-width: 455px) 100vw, 455px\" \/><\/figure>\n\n\n\n<figure class=\"wp-block-image size-large\"><img loading=\"lazy\" decoding=\"async\" width=\"432\" height=\"236\" src=\"http:\/\/www.ff-hohenbrugg.at\/wp-content\/uploads\/2020\/01\/1990b.png\" alt=\"\" class=\"wp-image-543\" srcset=\"https:\/\/www.ff-hohenbrugg.at\/wp-content\/uploads\/2020\/01\/1990b.png 432w, https:\/\/www.ff-hohenbrugg.at\/wp-content\/uploads\/2020\/01\/1990b-300x164.png 300w\" sizes=\"auto, (max-width: 432px) 100vw, 432px\" \/><\/figure>\n\n\n\n<figure class=\"wp-block-image size-large\"><img loading=\"lazy\" decoding=\"async\" width=\"641\" height=\"393\" src=\"http:\/\/www.ff-hohenbrugg.at\/wp-content\/uploads\/2020\/01\/1990c.png\" alt=\"\" class=\"wp-image-544\" srcset=\"https:\/\/www.ff-hohenbrugg.at\/wp-content\/uploads\/2020\/01\/1990c.png 641w, https:\/\/www.ff-hohenbrugg.at\/wp-content\/uploads\/2020\/01\/1990c-300x184.png 300w\" sizes=\"auto, (max-width: 641px) 100vw, 641px\" \/><\/figure>\n\n\n\n<p><strong>1991: 85 Jahre FF Hohenbrugg<\/strong><br>Von 14. bis 15. September wurde das 85-j\u00e4hrige Bestehen<br>der Freiwilligen Feuerwehr Hohenbrugg gefeiert.<\/p>\n\n\n\n<p><strong>1993: Der Fuhrpark wird abermals erweitert<\/strong><br>Das neue Mannschaftstransportfahrzeug (MTF) wurde im<br>Rahmen des Herbstfestes am Sonntag, dem 12. September<br>eingeweiht.<\/p>\n\n\n\n<figure class=\"wp-block-image size-large\"><img loading=\"lazy\" decoding=\"async\" width=\"436\" height=\"296\" src=\"http:\/\/www.ff-hohenbrugg.at\/wp-content\/uploads\/2020\/01\/1993.png\" alt=\"\" class=\"wp-image-545\" srcset=\"https:\/\/www.ff-hohenbrugg.at\/wp-content\/uploads\/2020\/01\/1993.png 436w, https:\/\/www.ff-hohenbrugg.at\/wp-content\/uploads\/2020\/01\/1993-300x204.png 300w\" sizes=\"auto, (max-width: 436px) 100vw, 436px\" \/><\/figure>\n\n\n\n<p><strong>1994: Willibald Neubauer wird Kommandant<\/strong><br>Bei der Wehrversammlung am 2. J\u00e4nner 1994 wurde Willibald<br>Neubauer zum Kommandanten gew\u00e4hlt. B\u00fcrgermeister<br>Gartner \u00fcberreichte dem scheidenden Kommandanten<br>Engelbert Pint eine Ehrenurkunde der Gemeinde<br>Hohenbrugg-Weinberg f\u00fcr seine 15-j\u00e4hrige T\u00e4tigkeit, in<br>der unter anderem die Festhalle erbaut und ein L\u00f6schfahrzeug<br>(LF) sowie ein Mannschaftstransportfahrzeug (MTF)<br>angeschafft wurden.<\/p>\n\n\n\n<p><strong>1998: Organisation des 1. Hohenbruggertreffens<\/strong><br>1998 wurde das 1. Hohenbruggertreffen von der Feuerwehr<br>Hohenbrugg organisiert.<\/p>\n\n\n\n<p><strong>2002: Einweihung des Gemeindezentrums<\/strong><br>Am 9. Juni 2002 wurde das vom Architekturb\u00fcro Cserni<br>und Paugger geplante Gemeindezentrum Hohenbrugg-<br>Weinberg eingeweiht. Ein Teil dieses Baus umfasst auch<br>das neue Feuerwehrhaus der Freiwilligen Feuerwehr<br>Hohenbrugg\/R. Auf 291 m2 befi nden sich unter anderem<br>ein Kommando raum mit EDV-Arbeitsplatz, zwei Garagen<br>und die Umkleider\u00e4ume samt Duschen f\u00fcr M\u00e4nner und<br>Frauen. Ein 150 m2 gro\u00dfer Saal kann durch Faltelemente in<br>drei Teile getrennt werden, wobei ein Teil der Feuerwehr als<br>Schulungs- und Sitzungssaal dient. Alle R\u00e4ume sind ebenerdig<br>angeordnet, im gesamten Objekt gibt es keine Stufen.<br>Das Bauvorhaben (Kosten 1,09 Mio. EUR) wurde von der<br>Gemeinde Hohenbrugg-Weinberg Infrastruktur KEG erreichtet,<br>die Feuerwehr ist Mieter in diesem Objekt.<\/p>\n\n\n\n<figure class=\"wp-block-image size-large\"><img loading=\"lazy\" decoding=\"async\" width=\"1024\" height=\"317\" src=\"http:\/\/www.ff-hohenbrugg.at\/wp-content\/uploads\/2020\/01\/2002a-1024x317.png\" alt=\"\" class=\"wp-image-546\" srcset=\"https:\/\/www.ff-hohenbrugg.at\/wp-content\/uploads\/2020\/01\/2002a-1024x317.png 1024w, https:\/\/www.ff-hohenbrugg.at\/wp-content\/uploads\/2020\/01\/2002a-300x93.png 300w, https:\/\/www.ff-hohenbrugg.at\/wp-content\/uploads\/2020\/01\/2002a-768x238.png 768w, https:\/\/www.ff-hohenbrugg.at\/wp-content\/uploads\/2020\/01\/2002a.png 1156w\" sizes=\"auto, (max-width: 1024px) 100vw, 1024px\" \/><\/figure>\n\n\n\n<figure class=\"wp-block-image size-large\"><img loading=\"lazy\" decoding=\"async\" width=\"1006\" height=\"384\" src=\"http:\/\/www.ff-hohenbrugg.at\/wp-content\/uploads\/2020\/01\/2002b.png\" alt=\"\" class=\"wp-image-547\" srcset=\"https:\/\/www.ff-hohenbrugg.at\/wp-content\/uploads\/2020\/01\/2002b.png 1006w, https:\/\/www.ff-hohenbrugg.at\/wp-content\/uploads\/2020\/01\/2002b-300x115.png 300w, https:\/\/www.ff-hohenbrugg.at\/wp-content\/uploads\/2020\/01\/2002b-768x293.png 768w\" sizes=\"auto, (max-width: 1006px) 100vw, 1006px\" \/><\/figure>\n\n\n\n<p><strong>2003: Erste M\u00e4dchen bei der Jugendfeuerwehr<\/strong><br>Am 8. Dezember 2002 hat die Feuerwehr Hohenbrugg Jugendliche<br>zur Veranstaltung \u201eDie Feuerwehrjugend braucht<br>Unterst\u00fctzung\u201c eingeladen und u. a. Filme \u00fcber die Jugendfeuerwehr<br>gezeigt. Das Interesse war gro\u00df und so traten bei der<br>Wehrversammlung im J\u00e4nner 2003 zu den bereits aktiven Jugendlichen<br>Sebastian Bildstein und Philipp Neumeister weitere<br>acht Jugendliche in den Dienst der Freiwilligen Feuerwehr ein.<br>Erstmals in der Geschichte der Freiwilligen Feuerwehr Hohenbrugg<br>wurden neben den drei neuen Buben (Markus Englisch,<br>Patrick Gartner und Gernot Neubauer) auch f\u00fcnf M\u00e4dchen (Eva<br>Bildstein, Gerlinde Kalcher, Cornelia Koller, Kerstin Krankenedl<br>und Karina Neumann) in die Feuerwehr aufgenommen.<\/p>\n\n\n\n<figure class=\"wp-block-image size-large\"><img loading=\"lazy\" decoding=\"async\" width=\"538\" height=\"293\" src=\"http:\/\/www.ff-hohenbrugg.at\/wp-content\/uploads\/2020\/01\/2003.png\" alt=\"\" class=\"wp-image-548\" srcset=\"https:\/\/www.ff-hohenbrugg.at\/wp-content\/uploads\/2020\/01\/2003.png 538w, https:\/\/www.ff-hohenbrugg.at\/wp-content\/uploads\/2020\/01\/2003-300x163.png 300w\" sizes=\"auto, (max-width: 538px) 100vw, 538px\" \/><\/figure>\n\n\n\n<p><strong>2005: Angelobung der ersten Frau als Feuerwehrmann<\/strong><br>Bei der Wehrversammlung am 9. J\u00e4nner wurde Cornelia<br>Koller als erster weiblicher Feuerwehrmann in der Geschichte<br>der Freiwilligen Feuerwehr angelobt.<\/p>\n\n\n\n<p><strong>2005: EHBI Wilhelm Leitgeb feiert den 90. Geburtstag<\/strong><br>Am 14. Juni feierte unser Ehrenhauptbrandinspektor Wilhelm<br>Leitgeb seinen 90. Geburtstag. Am 17. Juni gaben nahezu<br>die gesamte Feuerwehr Hohenbrugg, Ehrenabschnittsbrandinspektor<br>Maier und Brandrat Temmel als Vertretung des<br>Bezirksfeuerwehrverbandes dem Jubilar die Ehre. Wilhelm<br>Leitgeb ist bereits seit 72 Jahren Mitglied der Feuerwehr und<br>war davon 28 Jahre als Kommandant t\u00e4tig.<\/p>\n\n\n\n<figure class=\"wp-block-image size-large\"><img loading=\"lazy\" decoding=\"async\" width=\"477\" height=\"325\" src=\"http:\/\/www.ff-hohenbrugg.at\/wp-content\/uploads\/2020\/01\/2005.png\" alt=\"\" class=\"wp-image-549\" srcset=\"https:\/\/www.ff-hohenbrugg.at\/wp-content\/uploads\/2020\/01\/2005.png 477w, https:\/\/www.ff-hohenbrugg.at\/wp-content\/uploads\/2020\/01\/2005-300x204.png 300w\" sizes=\"auto, (max-width: 477px) 100vw, 477px\" \/><\/figure>\n\n\n\n<p><strong>Jubil\u00e4umsjahr 2006<\/strong> <br>Das Jahr begann mit der Jahreshauptversammlung am 8. J\u00e4nner.<br>Bei der Neuwahl wurde das amtierende Kommando unter<br>HBI Willibald Neubauer und OBI Werner Lebitsch einstimmig<br>wieder gew\u00e4hlt. Die Funktion des Kassiers \u00fcbernahm Gerhard<br>Leitgeb. Als Feuerwehrmann wurden Sebastian Bildstein, Kerstin<br>Krankenedl und Philipp Neumeister angelobt.<\/p>\n\n\n\n<p><strong>10. Juni<\/strong><br>Ein weiterer H\u00f6hepunkt war der zweite Bezirksfeuerwehrtag<br>des Bezirkes Feldbach, der in Hohenbrugg \/ R. abgehalten<br>wurde. Abordnungen aller Feuerwehren des Bezirkes waren<br>anwesend. Bezirksfeuerwehrkomm. OBR Johann Kienreich<br>konnte neben dem neu gew\u00e4hlten Landesfeuerwehrkomm.<br>LBD Albert Kern auch den Feuerwehrkurator Pfarrer Franz<br>Brei begr\u00fc\u00dfen.<\/p>\n\n\n\n<p><strong>24. Juni<\/strong><br>Beim 42. Steirischen Landesleistungsbewerb in Vorau konnten<br>Alexander Kink, Markus Pollreich, Marcus Gordisch, Sebastian<br>Bildstein, Cornelia Koller, Kerstin Krankenedl und PhilippNeumeister unter der Leitung von BM Martin Wagner das<br>Feuerwehrleistungsabzeichen in Silber erringen.<\/p>\n\n\n\n<p><strong>14.\/15. Juli<\/strong><br>Beim 36. Landesfeuerwehrjugend-Leistungsbewerb in Lafnitz<br>errang das neue Mitglied der Feuerwehrjugend, Tania Krankenedl<br>das Feuerwehrjugendleistungsabzeichen in Bronze.<\/p>\n\n\n\n<figure class=\"wp-block-image size-large\"><img loading=\"lazy\" decoding=\"async\" width=\"805\" height=\"493\" src=\"http:\/\/www.ff-hohenbrugg.at\/wp-content\/uploads\/2020\/01\/2006.png\" alt=\"\" class=\"wp-image-550\" srcset=\"https:\/\/www.ff-hohenbrugg.at\/wp-content\/uploads\/2020\/01\/2006.png 805w, https:\/\/www.ff-hohenbrugg.at\/wp-content\/uploads\/2020\/01\/2006-300x184.png 300w, https:\/\/www.ff-hohenbrugg.at\/wp-content\/uploads\/2020\/01\/2006-768x470.png 768w\" sizes=\"auto, (max-width: 805px) 100vw, 805px\" \/><\/figure>\n\n\n\n<div class=\"wp-block-file\"><a href=\"http:\/\/www.ff-hohenbrugg.at\/neu\/wp-content\/uploads\/2019\/12\/Festschrift_100_Jahre.pdf\">Festschrift_100_Jahre<\/a><a href=\"http:\/\/www.ff-hohenbrugg.at\/neu\/wp-content\/uploads\/2019\/12\/Festschrift_100_Jahre.pdf\" class=\"wp-block-file__button\" download>Herunterladen<\/a><\/div>\n\n\n\n<p><\/p>\n","protected":false},"excerpt":{"rendered":"<p>Feuerwehr-Chronik 100 Jahre 1906: Gr\u00fcndung des Feuerwehrvereines Hohenbrugg Am 18. Februar 1906 wurde bei der konstituierenden Sitzungunter dem Vorsitz des Gemeindevorstehers PeterPolt die Freiwillige Feuerwehr Hohenbrugg, damals nochals Feuerwehrverein gegr\u00fcndet. Die Gr\u00fcndungsmitglieder\u00a0waren Michael Polt, Josef Krenn, Johann Kleinschusterund Josef Siegl. Zum Wehrhauptmann wurde Josef Krenngew\u00e4hlt. <span class=\"more-text\">&hellip;<\/span><\/p>\n","protected":false},"author":1,"featured_media":0,"parent":250,"menu_order":2,"comment_status":"closed","ping_status":"closed","template":"","meta":{"footnotes":""},"class_list":["post-248","page","type-page","status-publish","hentry"],"_links":{"self":[{"href":"https:\/\/www.ff-hohenbrugg.at\/index.php?rest_route=\/wp\/v2\/pages\/248","targetHints":{"allow":["GET"]}}],"collection":[{"href":"https:\/\/www.ff-hohenbrugg.at\/index.php?rest_route=\/wp\/v2\/pages"}],"about":[{"href":"https:\/\/www.ff-hohenbrugg.at\/index.php?rest_route=\/wp\/v2\/types\/page"}],"author":[{"embeddable":true,"href":"https:\/\/www.ff-hohenbrugg.at\/index.php?rest_route=\/wp\/v2\/users\/1"}],"replies":[{"embeddable":true,"href":"https:\/\/www.ff-hohenbrugg.at\/index.php?rest_route=%2Fwp%2Fv2%2Fcomments&post=248"}],"version-history":[{"count":8,"href":"https:\/\/www.ff-hohenbrugg.at\/index.php?rest_route=\/wp\/v2\/pages\/248\/revisions"}],"predecessor-version":[{"id":552,"href":"https:\/\/www.ff-hohenbrugg.at\/index.php?rest_route=\/wp\/v2\/pages\/248\/revisions\/552"}],"up":[{"embeddable":true,"href":"https:\/\/www.ff-hohenbrugg.at\/index.php?rest_route=\/wp\/v2\/pages\/250"}],"wp:attachment":[{"href":"https:\/\/www.ff-hohenbrugg.at\/index.php?rest_route=%2Fwp%2Fv2%2Fmedia&parent=248"}],"curies":[{"name":"wp","href":"https:\/\/api.w.org\/{rel}","templated":true}]}}