{"id":289,"date":"2019-12-05T22:38:27","date_gmt":"2019-12-05T21:38:27","guid":{"rendered":"http:\/\/www.ff-hohenbrugg.at\/neu\/?page_id=289"},"modified":"2020-03-25T12:46:30","modified_gmt":"2020-03-25T11:46:30","slug":"ausstattung","status":"publish","type":"page","link":"https:\/\/www.ff-hohenbrugg.at\/?page_id=289","title":{"rendered":"Ausstattung"},"content":{"rendered":"\n<p>Unter diesem Men\u00fc, Ausstattungen findet ihr folgende Punkte:<\/p>\n\n\n\n<ul class=\"wp-block-list\"><li><a href=\"http:\/\/www.ff-hohenbrugg.at\/?page_id=120\">Fahrzeuge (TLFA-2000, LF, MTF)<\/a><\/li><li>Spezialger\u00e4te<\/li><li><a href=\"http:\/\/www.ff-hohenbrugg.at\/?page_id=245\">R\u00fcsthaus<\/a><\/li><li><a href=\"http:\/\/www.ff-hohenbrugg.at\/?page_id=125\">Festhalle<\/a><\/li><\/ul>\n\n\n\n<p>Wir verf\u00fcgen neben den Geb\u00e4uden und <a href=\"http:\/\/www.ff-hohenbrugg.at\/?page_id=120\">Fahrzeugen<\/a> \u00fcber sehr gute Spezialger\u00e4te um bei Eins\u00e4tzen Bestens ger\u00fcstet zu sein.<\/p>\n\n\n\n<figure class=\"wp-block-gallery columns-2 is-cropped wp-block-gallery-1 is-layout-flex wp-block-gallery-is-layout-flex\"><ul class=\"blocks-gallery-grid\"><li class=\"blocks-gallery-item\"><figure><img loading=\"lazy\" decoding=\"async\" width=\"1024\" height=\"576\" src=\"http:\/\/www.ff-hohenbrugg.at\/neu\/wp-content\/uploads\/2019\/12\/Atemschutz-1024x576.jpg\" alt=\"\" data-id=\"381\" data-full-url=\"http:\/\/www.ff-hohenbrugg.at\/neu\/wp-content\/uploads\/2019\/12\/Atemschutz.jpg\" data-link=\"http:\/\/www.ff-hohenbrugg.at\/neu\/?attachment_id=381\" class=\"wp-image-381\" srcset=\"https:\/\/www.ff-hohenbrugg.at\/wp-content\/uploads\/2019\/12\/Atemschutz-1024x576.jpg 1024w, https:\/\/www.ff-hohenbrugg.at\/wp-content\/uploads\/2019\/12\/Atemschutz-300x169.jpg 300w, https:\/\/www.ff-hohenbrugg.at\/wp-content\/uploads\/2019\/12\/Atemschutz-768x432.jpg 768w, https:\/\/www.ff-hohenbrugg.at\/wp-content\/uploads\/2019\/12\/Atemschutz-1536x864.jpg 1536w, https:\/\/www.ff-hohenbrugg.at\/wp-content\/uploads\/2019\/12\/Atemschutz.jpg 1600w\" sizes=\"auto, (max-width: 1024px) 100vw, 1024px\" \/><figcaption class=\"blocks-gallery-item__caption\">Ob Atemschutztrupp<\/figcaption><\/figure><\/li><li class=\"blocks-gallery-item\"><figure><img loading=\"lazy\" decoding=\"async\" width=\"694\" height=\"1024\" src=\"http:\/\/www.ff-hohenbrugg.at\/neu\/wp-content\/uploads\/2019\/12\/W\u00e4rmebildkamera-694x1024.jpg\" alt=\"\" data-id=\"383\" data-full-url=\"http:\/\/www.ff-hohenbrugg.at\/neu\/wp-content\/uploads\/2019\/12\/W\u00e4rmebildkamera.jpg\" data-link=\"http:\/\/www.ff-hohenbrugg.at\/neu\/?attachment_id=383\" class=\"wp-image-383\" srcset=\"https:\/\/www.ff-hohenbrugg.at\/wp-content\/uploads\/2019\/12\/W\u00e4rmebildkamera-694x1024.jpg 694w, https:\/\/www.ff-hohenbrugg.at\/wp-content\/uploads\/2019\/12\/W\u00e4rmebildkamera-203x300.jpg 203w, https:\/\/www.ff-hohenbrugg.at\/wp-content\/uploads\/2019\/12\/W\u00e4rmebildkamera-768x1134.jpg 768w, https:\/\/www.ff-hohenbrugg.at\/wp-content\/uploads\/2019\/12\/W\u00e4rmebildkamera-1041x1536.jpg 1041w, https:\/\/www.ff-hohenbrugg.at\/wp-content\/uploads\/2019\/12\/W\u00e4rmebildkamera.jpg 1084w\" sizes=\"auto, (max-width: 694px) 100vw, 694px\" \/><figcaption class=\"blocks-gallery-item__caption\">W\u00e4rmebildkamera<\/figcaption><\/figure><\/li><\/ul><\/figure>\n","protected":false},"excerpt":{"rendered":"<p>Unter diesem Men\u00fc, Ausstattungen findet ihr folgende Punkte: Fahrzeuge (TLFA-2000, LF, MTF) Spezialger\u00e4te R\u00fcsthaus Festhalle Wir verf\u00fcgen neben den Geb\u00e4uden und Fahrzeugen \u00fcber sehr gute Spezialger\u00e4te um bei Eins\u00e4tzen Bestens ger\u00fcstet zu sein.<\/p>\n","protected":false},"author":1,"featured_media":0,"parent":0,"menu_order":2,"comment_status":"closed","ping_status":"closed","template":"","meta":{"footnotes":""},"class_list":["post-289","page","type-page","status-publish","hentry"],"_links":{"self":[{"href":"https:\/\/www.ff-hohenbrugg.at\/index.php?rest_route=\/wp\/v2\/pages\/289","targetHints":{"allow":["GET"]}}],"collection":[{"href":"https:\/\/www.ff-hohenbrugg.at\/index.php?rest_route=\/wp\/v2\/pages"}],"about":[{"href":"https:\/\/www.ff-hohenbrugg.at\/index.php?rest_route=\/wp\/v2\/types\/page"}],"author":[{"embeddable":true,"href":"https:\/\/www.ff-hohenbrugg.at\/index.php?rest_route=\/wp\/v2\/users\/1"}],"replies":[{"embeddable":true,"href":"https:\/\/www.ff-hohenbrugg.at\/index.php?rest_route=%2Fwp%2Fv2%2Fcomments&post=289"}],"version-history":[{"count":11,"href":"https:\/\/www.ff-hohenbrugg.at\/index.php?rest_route=\/wp\/v2\/pages\/289\/revisions"}],"predecessor-version":[{"id":617,"href":"https:\/\/www.ff-hohenbrugg.at\/index.php?rest_route=\/wp\/v2\/pages\/289\/revisions\/617"}],"wp:attachment":[{"href":"https:\/\/www.ff-hohenbrugg.at\/index.php?rest_route=%2Fwp%2Fv2%2Fmedia&parent=289"}],"curies":[{"name":"wp","href":"https:\/\/api.w.org\/{rel}","templated":true}]}}